{"id":1531,"date":"2018-07-11T17:23:14","date_gmt":"2018-07-11T15:23:14","guid":{"rendered":"http:\/\/www.stephan-max.de\/wordpress\/?page_id=1531"},"modified":"2018-07-11T17:51:33","modified_gmt":"2018-07-11T15:51:33","slug":"datenschutzerklaerung","status":"publish","type":"page","link":"http:\/\/www.stephan-max.de\/wordpress\/?page_id=1531","title":{"rendered":"Datenschutzerkl\u00e4rung"},"content":{"rendered":"<h2>Wer ich bin<\/h2>\n<p>Die Adresse meiner Home Page ist: http:\/\/www.stephan-max.de<\/p>\n<p>Meine E-Mail-Anschrift: mail@stephan-max.de<\/p>\n<p>Meine Realwelt-Adresse lautet<br \/>\nStephan Max<br \/>\nIm Sommergarten 14<br \/>\n55131 Mainz<\/p>\n<p>&nbsp;<\/p>\n<p>Die folgende Datenschutzerkl\u00e4rung habe ich wenig abgewandelt direkt von WordPress \u00fcbernommen, um den gesetzlichen Bestimmungen zu gen\u00fcgen. Ich selbst betreibe diese Seite nur zum Spa\u00df und sehr unregelm\u00e4\u00dfig, habe keinerlei Interesse an Deinen \/ Ihren Daten und sammele daher auch keine. Bei der Modifikation des folgenden Textes habe ich jedoch gelernt, dass mein harmloser Miniblog Eure Daten sammelt&#8230;<\/p>\n<p>&#8230; dass man paranoid ist, hei\u00dft nicht, dass sie nicht hinter einem her w\u00e4ren.<\/p>\n<h2>Welche personenbezogenen Daten gesammelt werden und warum<\/h2>\n<h3>Kommentare<\/h3>\n<p>Wenn BesucherInnen Kommentare auf dieser Website schreiben, werden die Daten gesammelt, die im Kommentar-Formular angezeigt werden, au\u00dferdem die IP-Adresse der Besucherin \/ des Besuchers und der User-Agent-String. Damit wird der Browser identifiziert. WordPress sagt, das sei n\u00f6tig, um die Erkennung von Spam zu unterst\u00fctzen.<\/p>\n<p>Aus deiner E-Mail-Adresse kann eine anonymisierte Zeichenfolge erstellt (auch Hash genannt) und dem Gravatar-Dienst \u00fcbergeben werden, um zu pr\u00fcfen, ob du diesen benutzt. Die Datenschutzerkl\u00e4rung des Gravatar-Dienstes findest du hier: https:\/\/automattic.com\/privacy\/. Nachdem dein Kommentar freigegeben wurde, ist dein Profilbild \u00f6ffentlich im Kontext deines Kommentars sichtbar.<\/p>\n<h3>Medien<\/h3>\n<p>Wenn du ein\/e registrierte\/r BenutzerIn bist und Fotos auf diese Website l\u00e4dst, solltest du vermeiden, Fotos mit einem EXIF-GPS-Standort hochzuladen. Besucherinnen und Besucher dieser Website k\u00f6nnten Fotos, die auf dieser Website gespeichert sind, herunterladen und deren Standort-Informationen extrahieren.<\/p>\n<h3>Kontaktformulare<\/h3>\n<h3>Cookies<\/h3>\n<p>Wenn du einen Kommentar auf meiner Website schreibst, kann das eine Einwilligung sein, deinen Namen, E-Mail-Adresse und Website in Cookies zu speichern. Dies ist eine Komfortfunktion, damit du nicht, wenn du einen weiteren Kommentar schreibst, all diese Daten erneut eingeben musst. Diese Cookies werden ein Jahr lang gespeichert.<\/p>\n<p>Falls du ein Konto hast und dich auf dieser Website anmeldest, wird ein tempor\u00e4res Cookie gesetzt, um festzustellen, ob dein Browser Cookies akzeptiert. Dieses Cookie enth\u00e4lt keine personenbezogenen Daten und wird verworfen, wenn du deinen Browser schlie\u00dft.<\/p>\n<p>Wenn du dich anmeldest, werden einige Cookies eingerichtet, um deine Anmeldeinformationen und Anzeigeoptionen zu speichern. Anmelde-Cookies verfallen nach zwei Tagen und Cookies f\u00fcr die Anzeigeoptionen nach einem Jahr. Falls du bei der Anmeldung \u201eAngemeldet bleiben\u201c ausw\u00e4hlst, wird deine Anmeldung zwei Wochen lang aufrechterhalten. Mit der Abmeldung aus deinem Konto werden die Anmelde-Cookies gel\u00f6scht.<\/p>\n<p>Wenn du einen Artikel bearbeitest oder ver\u00f6ffentlichst, wird ein zus\u00e4tzlicher Cookie in deinem Browser gespeichert. Dieser Cookie enth\u00e4lt keine personenbezogenen Daten und verweist nur auf die Beitrags-ID des Artikels, den du gerade bearbeitet hast. Der Cookie verf\u00e4llt nach einem Tag.<\/p>\n<h3>Eingebettete Inhalte von anderen Websites<\/h3>\n<p>Beitr\u00e4ge auf dieser Website k\u00f6nnen eingebettete Inhalte beinhalten (z.\u00a0B. Videos, Bilder, Beitr\u00e4ge etc.). Eingebettete Inhalte von anderen Websites verhalten sich exakt so, als ob die Besucherin \/ der Besucher die andere Website besucht h\u00e4tte.<\/p>\n<p>Diese Websites k\u00f6nnen Daten \u00fcber dich sammeln, Cookies benutzen, zus\u00e4tzliche Tracking-Dienste von Dritten einbetten und deine Interaktion mit diesem eingebetteten Inhalt aufzeichnen, inklusive deiner Interaktion mit dem eingebetteten Inhalt, falls du ein Konto hast und auf dieser Website angemeldet bist.<\/p>\n<h3>Analysedienste<\/h3>\n<h2>Mit wem deine Daten geteilt werden<\/h2>\n<p>Soweit ich wei\u00df und hoffe (ich bin aber kein Experte!) mit niemandem.<\/p>\n<h2>Wie lange deine Daten gespeichert werden<\/h2>\n<p>Wenn du einen Kommentar schreibst, wird dieser inklusive Metadaten zeitlich unbegrenzt gespeichert. Auf diese Art k\u00f6nnen Folgekommentare automatisch erkannt und freigegeben werden, anstelle sie in einer Moderations-Warteschlange festzuhalten.<\/p>\n<p>Von BenutzerInnen, die sich auf dieserWebsite registrieren, werden zus\u00e4tzlich diejenigen pers\u00f6nlichen Informationen gespeichert, die sie in ihren Benutzerprofilen angeben. Alle BenutzerInnen k\u00f6nnen jederzeit ihre pers\u00f6nlichen Informationen einsehen, ver\u00e4ndern oder l\u00f6schen (der Benutzername kann nicht ver\u00e4ndert werden). Administratoren der Website k\u00f6nnen diese Informationen ebenfalls einsehen und ver\u00e4ndern.<\/p>\n<h2>Welche Rechte du an deinen Daten hast<\/h2>\n<p>Wenn du ein Konto auf dieser Website besitzt oder Kommentare geschrieben hast, kannst du einen Export deiner personenbezogenen Daten bei mir anfordern, inklusive aller Daten, die du hier mitgeteilt hast. Dar\u00fcber hinaus kannst du die L\u00f6schung aller personenbezogenen Daten, die hier von dir gespeichert wurden, anfordern. WordPress sagt, das umfasse nicht die Daten, die aufgrund administrativer, rechtlicher oder sicherheitsrelevanter Notwendigkeiten aufbewahrt werden m\u00fcssen. Von diesen habe ich keine Kenntnis, kann sie nicht einsehen und daher auch nicht weiterreichen, ver\u00e4ndern oder l\u00f6schen.<\/p>\n<h2>Wohin deine Daten gesendet werden<\/h2>\n<p>Besucher-Kommentare k\u00f6nnten von einem automatisierten Dienst zur Spam-Erkennung untersucht werden.<\/p>\n<p>Stephan Max<\/p>\n","protected":false},"excerpt":{"rendered":"<p>Wer ich bin Die Adresse meiner Home Page ist: http:\/\/www.stephan-max.de Meine E-Mail-Anschrift: mail@stephan-max.de Meine Realwelt-Adresse lautet Stephan Max Im Sommergarten 14 55131 Mainz &nbsp; Die folgende Datenschutzerkl\u00e4rung habe ich wenig abgewandelt direkt von WordPress \u00fcbernommen, um den gesetzlichen Bestimmungen zu gen\u00fcgen. Ich selbst betreibe diese Seite nur zum Spa\u00df und sehr unregelm\u00e4\u00dfig, habe keinerlei Interesse&#8230;<\/p>\n","protected":false},"author":2,"featured_media":0,"parent":0,"menu_order":0,"comment_status":"closed","ping_status":"closed","template":"","meta":{"footnotes":""},"_links":{"self":[{"href":"http:\/\/www.stephan-max.de\/wordpress\/index.php?rest_route=\/wp\/v2\/pages\/1531"}],"collection":[{"href":"http:\/\/www.stephan-max.de\/wordpress\/index.php?rest_route=\/wp\/v2\/pages"}],"about":[{"href":"http:\/\/www.stephan-max.de\/wordpress\/index.php?rest_route=\/wp\/v2\/types\/page"}],"author":[{"embeddable":true,"href":"http:\/\/www.stephan-max.de\/wordpress\/index.php?rest_route=\/wp\/v2\/users\/2"}],"replies":[{"embeddable":true,"href":"http:\/\/www.stephan-max.de\/wordpress\/index.php?rest_route=%2Fwp%2Fv2%2Fcomments&post=1531"}],"version-history":[{"count":5,"href":"http:\/\/www.stephan-max.de\/wordpress\/index.php?rest_route=\/wp\/v2\/pages\/1531\/revisions"}],"predecessor-version":[{"id":1537,"href":"http:\/\/www.stephan-max.de\/wordpress\/index.php?rest_route=\/wp\/v2\/pages\/1531\/revisions\/1537"}],"wp:attachment":[{"href":"http:\/\/www.stephan-max.de\/wordpress\/index.php?rest_route=%2Fwp%2Fv2%2Fmedia&parent=1531"}],"curies":[{"name":"wp","href":"https:\/\/api.w.org\/{rel}","templated":true}]}}